{"id":37,"date":"2022-02-09T10:04:02","date_gmt":"2022-02-09T09:04:02","guid":{"rendered":"https:\/\/finanz-optimierung.at\/?page_id=37"},"modified":"2025-11-03T14:32:57","modified_gmt":"2025-11-03T13:32:57","slug":"startseite","status":"publish","type":"page","link":"https:\/\/finanz-optimierung.at\/","title":{"rendered":"Startseite"},"content":{"rendered":"<p>[et_pb_section fb_built=&#8221;1&#8243; custom_padding_last_edited=&#8221;on|desktop&#8221; _builder_version=&#8221;4.16&#8243; _module_preset=&#8221;default&#8221; background_color=&#8221;#202021&#8243; background_color_gradient_direction=&#8221;90deg&#8221; background_color_gradient_start=&#8221;#202021&#8243; background_color_gradient_end=&#8221;#202021&#8243; background_image=&#8221;https:\/\/finanz-optimierung.at\/wp-content\/uploads\/2023\/07\/fi-op-vb-web-back-02-1.jpg&#8221; background_position=&#8221;top_right&#8221; width=&#8221;100%&#8221; module_alignment=&#8221;center&#8221; height=&#8221;90vh&#8221; custom_padding=&#8221;0px||0px||true|false&#8221; custom_padding_tablet=&#8221;&#8221; custom_padding_phone=&#8221;0px||93px||false|false&#8221; bottom_divider_height=&#8221;66px&#8221; animation_style=&#8221;fade&#8221; animation_direction=&#8221;top&#8221; animation_duration=&#8221;1500ms&#8221; background_last_edited=&#8221;on|phone&#8221; background_enable_image_tablet=&#8221;off&#8221; custom_css_main_element=&#8221;overflow: hidden !important;&#8221; global_colors_info=&#8221;{}&#8221;][et_pb_row column_structure=&#8221;1_2,1_2&#8243; _builder_version=&#8221;4.16&#8243; _module_preset=&#8221;default&#8221; width=&#8221;100%&#8221; max_width=&#8221;none&#8221; overflow-y=&#8221;hidden&#8221; custom_padding=&#8221;0px|||||&#8221; global_colors_info=&#8221;{}&#8221;][et_pb_column type=&#8221;1_2&#8243; _builder_version=&#8221;4.16&#8243; _module_preset=&#8221;default&#8221; custom_css_main_element=&#8221;margin: auto;||&#8221; global_colors_info=&#8221;{}&#8221;][et_pb_image src=&#8221;https:\/\/finanz-optimierung.at\/wp-content\/uploads\/2022\/03\/portrait-1-1.png&#8221; title_text=&#8221;portrait-1-1&#8243; src_tablet=&#8221;https:\/\/finanz-optimierung.at\/wp-content\/uploads\/2023\/09\/portrait-1-1.jpg&#8221; src_phone=&#8221;https:\/\/finanz-optimierung.at\/wp-content\/uploads\/2023\/09\/portrait-1-1.jpg&#8221; src_last_edited=&#8221;on|tablet&#8221; disabled_on=&#8221;off|off|on&#8221; _builder_version=&#8221;4.16&#8243; _module_preset=&#8221;default&#8221; module_alignment=&#8221;center&#8221; max_height=&#8221;80vh&#8221; overflow-y=&#8221;hidden&#8221; custom_margin=&#8221;||60px||false|false&#8221; global_colors_info=&#8221;{}&#8221; src__hover_enabled=&#8221;off|desktop&#8221;][\/et_pb_image][et_pb_image src=&#8221;https:\/\/finanz-optimierung.at\/wp-content\/uploads\/2022\/04\/Element-1.svg&#8221; title_text=&#8221;Element-1&#8243; disabled_on=&#8221;off|off|on&#8221; _builder_version=&#8221;4.16&#8243; _module_preset=&#8221;default&#8221; width=&#8221;50%&#8221; module_alignment=&#8221;center&#8221; max_height=&#8221;1000vh&#8221; overflow-y=&#8221;hidden&#8221; custom_margin=&#8221;0px||||false|false&#8221; global_colors_info=&#8221;{}&#8221; src__hover_enabled=&#8221;off|desktop&#8221;][\/et_pb_image][\/et_pb_column][et_pb_column type=&#8221;1_2&#8243; _builder_version=&#8221;4.16&#8243; _module_preset=&#8221;default&#8221; global_colors_info=&#8221;{}&#8221;][et_pb_image src=&#8221;https:\/\/finanz-optimierung.at\/wp-content\/uploads\/2022\/04\/Element-1-2.svg&#8221; title_text=&#8221;Element-1&#8243; disabled_on=&#8221;on|on|off&#8221; _builder_version=&#8221;4.16&#8243; _module_preset=&#8221;default&#8221; width=&#8221;100%&#8221; max_width=&#8221;60%&#8221; module_alignment=&#8221;center&#8221; height=&#8221;80vh&#8221; global_colors_info=&#8221;{}&#8221;][\/et_pb_image][\/et_pb_column][\/et_pb_row][\/et_pb_section][et_pb_section fb_built=&#8221;1&#8243; _builder_version=&#8221;4.16&#8243; _module_preset=&#8221;default&#8221; background_color=&#8221;#828282&#8243; background_image=&#8221;https:\/\/finanz-optimierung.at\/wp-content\/uploads\/2023\/07\/Oberndorfer-FB-2023-\u00a9Michael-Maritsch_0229-1.jpg&#8221; parallax=&#8221;on&#8221; parallax_method=&#8221;off&#8221; min_height=&#8221;50vh&#8221; custom_padding=&#8221;103px||103px||true|&#8221; top_divider_color=&#8221;RGBA(255,255,255,0)&#8221; top_divider_height=&#8221;36px&#8221; global_colors_info=&#8221;{}&#8221;][\/et_pb_section][et_pb_section fb_built=&#8221;1&#8243; module_id=&#8221;ueberuns&#8221; _builder_version=&#8221;4.16&#8243; _module_preset=&#8221;default&#8221; background_color=&#8221;#202021&#8243; background_color_gradient_direction=&#8221;360deg&#8221; background_color_gradient_start=&#8221;#202021&#8243; background_color_gradient_end=&#8221;#575656&#8243; background_image=&#8221;https:\/\/finanz-optimierung.at\/wp-content\/uploads\/2022\/04\/bg-1.jpg&#8221; parallax=&#8221;on&#8221; parallax_method=&#8221;off&#8221; custom_padding=&#8221;60px|0px|60px|0px|true|false&#8221; global_colors_info=&#8221;{}&#8221;][et_pb_row column_structure=&#8221;1_2,1_2&#8243; use_custom_gutter=&#8221;on&#8221; gutter_width=&#8221;2&#8243; make_equal=&#8221;on&#8221; _builder_version=&#8221;4.16&#8243; _module_preset=&#8221;default&#8221; width=&#8221;98%&#8221; width_tablet=&#8221;90%&#8221; width_phone=&#8221;90%&#8221; width_last_edited=&#8221;on|tablet&#8221; max_width=&#8221;1170px&#8221; max_width_tablet=&#8221;90%&#8221; max_width_phone=&#8221;90%&#8221; max_width_last_edited=&#8221;on|tablet&#8221; custom_padding=&#8221;29px|0px|29px|0px|true|false&#8221; animation_style=&#8221;fade&#8221; animation_duration=&#8221;1500ms&#8221; global_colors_info=&#8221;{}&#8221;][et_pb_column type=&#8221;1_2&#8243; _builder_version=&#8221;4.16&#8243; _module_preset=&#8221;default&#8221; custom_padding=&#8221;|||&#8221; global_colors_info=&#8221;{}&#8221; custom_padding__hover=&#8221;|||&#8221;][et_pb_text _builder_version=&#8221;4.16&#8243; _module_preset=&#8221;default&#8221; text_font=&#8221;Poppins||||||||&#8221; text_text_color=&#8221;#F2F2F2&#8243; header_font=&#8221;aventa|||on|||||&#8221; header_text_align=&#8221;left&#8221; header_text_color=&#8221;#D7B46A&#8221; header_line_height=&#8221;1.4em&#8221; header_2_font=&#8221;biloxi||||||||&#8221; header_2_text_color=&#8221;#D7B46A&#8221; header_2_font_size=&#8221;15px&#8221; module_alignment=&#8221;center&#8221; custom_padding=&#8221;17px||&#8221; header_font_size_tablet=&#8221;&#8221; header_font_size_phone=&#8221;25px&#8221; header_font_size_last_edited=&#8221;on|desktop&#8221; global_colors_info=&#8221;{}&#8221;]<\/p>\n<h1>\u00dcber uns<\/h1>\n<p>[\/et_pb_text][et_pb_text _builder_version=&#8221;4.16&#8243; _module_preset=&#8221;default&#8221; text_font=&#8221;biloxi||||||||&#8221; text_text_color=&#8221;#5499D4&#8243; header_font=&#8221;bnkgothom|600|||||||&#8221; header_text_align=&#8221;left&#8221; header_text_color=&#8221;#D7B46A&#8221; header_font_size=&#8221;18px&#8221; header_line_height=&#8221;1.4em&#8221; header_2_font=&#8221;biloxi|500|||||||&#8221; header_2_text_color=&#8221;#D7B46A&#8221; header_2_font_size=&#8221;38px&#8221; module_alignment=&#8221;center&#8221; custom_margin=&#8221;-16px|-17px||||&#8221; custom_padding=&#8221;0px||&#8221; global_colors_info=&#8221;{}&#8221;]<\/p>\n<h2>Wir sind der Brilliant<br \/>unter den Diamanten in der Finanzberatung.<\/h2>\n<p>[\/et_pb_text][et_pb_text _builder_version=&#8221;4.16&#8243; _module_preset=&#8221;default&#8221; text_font=&#8221;||||||||&#8221; text_text_color=&#8221;#F2F2F2&#8243; text_font_size=&#8221;15px&#8221; header_font=&#8221;Yeseva One||||||||&#8221; header_text_color=&#8221;#D7B46A&#8221; header_font_size=&#8221;47px&#8221; header_line_height=&#8221;1.2em&#8221; custom_margin=&#8221;-6px||&#8221; custom_padding=&#8221;||32px|||&#8221; global_colors_info=&#8221;{}&#8221;]<\/p>\n<p>Seit 1996 ist es unsere Passion, f\u00fcr unsere Firmen- und Privatkunden unabh\u00e4ngige und ma\u00dfgeschneiderte Finanzl\u00f6sungen zu erarbeiten und umzusetzen.<\/p>\n<p>Unsere Gewerbeberechtigungen umfassen die T\u00e4tigkeitsbereiche Verm\u00f6gensberatung, Finanzierungsberatung, Versicherungsmakler und Unternehmensberatung. Wir kooperieren mit den rund 100 besten Gesellschaften am Finanzsektor.<\/p>\n<p>Durch unsere exklusive und ma\u00dfgeschneiderte Beratung erm\u00f6glichen wir unseren Kunden den Zugang zu einzigartigen Finanzprodukten.<\/p>\n<p>Unsere individuelle Finanzberatung bieten wir ausgehend von unseren Betriebsstandorten in V\u00f6cklabruck und Mondsee \u00f6sterreichweit an.<\/p>\n<p>[\/et_pb_text][\/et_pb_column][et_pb_column type=&#8221;1_2&#8243; _builder_version=&#8221;4.16&#8243; _module_preset=&#8221;default&#8221; custom_padding=&#8221;|||&#8221; global_colors_info=&#8221;{}&#8221; custom_padding__hover=&#8221;|||&#8221;][et_pb_image src=&#8221;https:\/\/finanz-optimierung.at\/wp-content\/uploads\/2023\/07\/oberndorfer-fb-2023-\u00a9michael-maritsch_0142_sq.jpg&#8221; title_text=&#8221;oberndorfer-fb-2023-\u00a9michael-maritsch_0142_sq&#8221; _builder_version=&#8221;4.16&#8243; _module_preset=&#8221;default&#8221; custom_padding=&#8221;||1px|||&#8221; global_colors_info=&#8221;{}&#8221;][\/et_pb_image][\/et_pb_column][\/et_pb_row][\/et_pb_section][et_pb_section fb_built=&#8221;1&#8243; _builder_version=&#8221;4.16&#8243; _module_preset=&#8221;default&#8221; background_color=&#8221;#202021&#8243; background_image=&#8221;https:\/\/finanz-optimierung.at\/wp-content\/uploads\/2022\/03\/718A0550_v2.jpg&#8221; parallax=&#8221;on&#8221; parallax_method=&#8221;off&#8221; min_height=&#8221;50vh&#8221; custom_padding=&#8221;103px||103px||true|&#8221; global_colors_info=&#8221;{}&#8221;][\/et_pb_section][et_pb_section fb_built=&#8221;1&#8243; module_id=&#8221;leistungsangebot&#8221; _builder_version=&#8221;4.16&#8243; _module_preset=&#8221;default&#8221; background_color=&#8221;#202021&#8243; background_image=&#8221;https:\/\/finanz-optimierung.at\/wp-content\/uploads\/2022\/04\/bg-1.jpg&#8221; parallax=&#8221;on&#8221; parallax_method=&#8221;off&#8221; custom_padding=&#8221;80px|0px|80px|0px|true|false&#8221; global_colors_info=&#8221;{}&#8221;][et_pb_row use_custom_gutter=&#8221;on&#8221; gutter_width=&#8221;2&#8243; make_equal=&#8221;on&#8221; _builder_version=&#8221;4.16&#8243; _module_preset=&#8221;default&#8221; width=&#8221;98%&#8221; width_tablet=&#8221;90%&#8221; width_phone=&#8221;90%&#8221; width_last_edited=&#8221;on|tablet&#8221; max_width=&#8221;1170px&#8221; max_width_tablet=&#8221;90%&#8221; max_width_phone=&#8221;90%&#8221; max_width_last_edited=&#8221;on|tablet&#8221; custom_padding=&#8221;11px|0px|21px|0px|false|false&#8221; animation_style=&#8221;fade&#8221; animation_duration=&#8221;1500ms&#8221; global_colors_info=&#8221;{}&#8221;][et_pb_column type=&#8221;4_4&#8243; _builder_version=&#8221;4.16&#8243; _module_preset=&#8221;default&#8221; custom_padding=&#8221;|||&#8221; global_colors_info=&#8221;{}&#8221; custom_padding__hover=&#8221;|||&#8221;][et_pb_text _builder_version=&#8221;4.16&#8243; _module_preset=&#8221;default&#8221; text_font=&#8221;Poppins||||||||&#8221; text_text_color=&#8221;#F2F2F2&#8243; header_font=&#8221;aventa|||on|||||&#8221; header_text_align=&#8221;left&#8221; header_text_color=&#8221;#D7B46A&#8221; header_line_height=&#8221;1.4em&#8221; header_2_font=&#8221;biloxi||||||||&#8221; header_2_text_color=&#8221;#D7B46A&#8221; header_2_font_size=&#8221;15px&#8221; module_alignment=&#8221;center&#8221; custom_padding=&#8221;17px||&#8221; header_font_size_tablet=&#8221;&#8221; header_font_size_phone=&#8221;25px&#8221; header_font_size_last_edited=&#8221;on|desktop&#8221; global_colors_info=&#8221;{}&#8221;]<\/p>\n<h1>Leistungsangebot<\/h1>\n<p>[\/et_pb_text][et_pb_text _builder_version=&#8221;4.16&#8243; _module_preset=&#8221;default&#8221; text_font=&#8221;biloxi||||||||&#8221; text_text_color=&#8221;#5499D4&#8243; header_font=&#8221;bnkgothom|600|||||||&#8221; header_text_align=&#8221;left&#8221; header_text_color=&#8221;#D7B46A&#8221; header_font_size=&#8221;18px&#8221; header_line_height=&#8221;1.4em&#8221; header_2_font=&#8221;biloxi|500|||||||&#8221; header_2_text_color=&#8221;#D7B46A&#8221; header_2_font_size=&#8221;38px&#8221; module_alignment=&#8221;center&#8221; custom_margin=&#8221;-16px|-17px||||&#8221; custom_padding=&#8221;0px||&#8221; global_colors_info=&#8221;{}&#8221;]<\/p>\n<h2 style=\"text-align: left;\">F\u00fcr Ihre Finanzen sind wir die beste Adresse<\/h2>\n<p>[\/et_pb_text][\/et_pb_column][\/et_pb_row][et_pb_row column_structure=&#8221;1_2,1_2&#8243; use_custom_gutter=&#8221;on&#8221; gutter_width=&#8221;2&#8243; make_equal=&#8221;on&#8221; _builder_version=&#8221;4.16&#8243; _module_preset=&#8221;default&#8221; width=&#8221;98%&#8221; width_tablet=&#8221;90%&#8221; width_phone=&#8221;90%&#8221; width_last_edited=&#8221;on|tablet&#8221; max_width=&#8221;1170px&#8221; max_width_tablet=&#8221;90%&#8221; max_width_phone=&#8221;90%&#8221; max_width_last_edited=&#8221;on|tablet&#8221; custom_padding=&#8221;27px|0px|21px|0px|false|false&#8221; animation_style=&#8221;fade&#8221; animation_duration=&#8221;1500ms&#8221; global_colors_info=&#8221;{}&#8221;][et_pb_column type=&#8221;1_2&#8243; _builder_version=&#8221;4.16&#8243; _module_preset=&#8221;default&#8221; custom_padding=&#8221;|||&#8221; global_colors_info=&#8221;{}&#8221; custom_padding__hover=&#8221;|||&#8221;][et_pb_blurb title=&#8221;Premium Verm\u00f6gensberatung&#8221; image=&#8221;https:\/\/finanz-optimierung.at\/wp-content\/uploads\/2022\/04\/bulletpoint-diamond.png&#8221; icon_placement=&#8221;left&#8221; image_icon_width=&#8221;90px&#8221; disabled_on=&#8221;off|off|off&#8221; _builder_version=&#8221;4.27.4&#8243; _module_preset=&#8221;default&#8221; header_level=&#8221;h3&#8243; header_font=&#8221;aventa|600||on|||||&#8221; header_text_color=&#8221;#D7B46A&#8221; header_font_size=&#8221;14px&#8221; header_line_height=&#8221;1.7em&#8221; body_font=&#8221;Muli||||||||&#8221; body_text_color=&#8221;#F2F2F2&#8243; body_font_size=&#8221;15px&#8221; transform_translate_linked__hover=&#8221;off&#8221; custom_padding=&#8221;16px|5%||&#8221; animation=&#8221;off&#8221; border_width_top_image=&#8221;8px&#8221; border_color_top_image=&#8221;rgba(0,0,0,0)&#8221; border_width_right_image=&#8221;10px&#8221; border_color_right_image=&#8221;rgba(0,0,0,0)&#8221; image_max_width=&#8221;83px&#8221; global_colors_info=&#8221;{}&#8221; transform_styles__hover_enabled=&#8221;on|hover&#8221; transform_scale__hover_enabled=&#8221;on|hover&#8221; transform_translate__hover_enabled=&#8221;on&#8221; transform_rotate__hover_enabled=&#8221;on&#8221; transform_skew__hover_enabled=&#8221;on&#8221; transform_origin__hover_enabled=&#8221;on&#8221; custom_css_blurb_image_last_edited=&#8221;on|phone&#8221; custom_css_blurb_image_phone=&#8221;display: none;&#8221;]<\/p>\n<p>Ihr Verm\u00f6gen hat die beste Beratung verdient.<\/p>\n<p>Wir erstellen f\u00fcr Sie eine kurz- mittel- langfristige, individuelle Investmentstrategie mit den exklusivsten Produkten vom gesamten Markt.<\/p>\n<p>Mit tausenden zeichenbaren Investmentfonds, mehr als 500 zeichenbaren Einzeltiteln und selbstverst\u00e4ndlich auch ETFs agieren wir v\u00f6llig unabh\u00e4ngig und k\u00f6nnen dadurch die besten, ma\u00dfgeschneiderten und zukunftsorientierten L\u00f6sungen f\u00fcr unsere Klienten anbieten.<\/p>\n<p>Vorteil: Regelm\u00e4\u00dfige Betreuung der Portfolios mit einem antizyklischen und nachhaltigen Investmentansatz<\/p>\n<p>&nbsp;<\/p>\n<p>[\/et_pb_blurb][\/et_pb_column][et_pb_column type=&#8221;1_2&#8243; _builder_version=&#8221;4.16&#8243; _module_preset=&#8221;default&#8221; custom_padding=&#8221;|||&#8221; global_colors_info=&#8221;{}&#8221; custom_padding__hover=&#8221;|||&#8221; transform_styles__hover_enabled=&#8221;off|hover&#8221; transform_scale__hover_enabled=&#8221;off|hover&#8221; transform_translate__hover_enabled=&#8221;off|hover&#8221; transform_rotate__hover_enabled=&#8221;off|hover&#8221; transform_skew__hover_enabled=&#8221;off|hover&#8221; transform_origin__hover_enabled=&#8221;off|hover&#8221;][et_pb_blurb title=&#8221;Finanzierungs-optimierung&#8221; image=&#8221;https:\/\/finanz-optimierung.at\/wp-content\/uploads\/2022\/04\/bulletpoint-diamond.png&#8221; icon_placement=&#8221;left&#8221; image_icon_width=&#8221;90px&#8221; _builder_version=&#8221;4.27.4&#8243; _module_preset=&#8221;default&#8221; header_level=&#8221;h3&#8243; header_font=&#8221;aventa|600||on|||||&#8221; header_text_color=&#8221;#D7B46A&#8221; header_font_size=&#8221;14px&#8221; header_line_height=&#8221;1.7em&#8221; body_font=&#8221;Muli||||||||&#8221; body_text_color=&#8221;#F2F2F2&#8243; body_font_size=&#8221;15px&#8221; transform_translate_linked__hover=&#8221;off&#8221; custom_padding=&#8221;16px|5%||&#8221; animation=&#8221;off&#8221; border_width_top_image=&#8221;8px&#8221; border_color_top_image=&#8221;rgba(0,0,0,0)&#8221; border_width_right_image=&#8221;10px&#8221; border_color_right_image=&#8221;rgba(0,0,0,0)&#8221; image_max_width=&#8221;83px&#8221; global_colors_info=&#8221;{}&#8221; transform_styles__hover_enabled=&#8221;on|hover&#8221; transform_scale__hover_enabled=&#8221;on|hover&#8221; transform_translate__hover_enabled=&#8221;on&#8221; transform_rotate__hover_enabled=&#8221;on&#8221; transform_skew__hover_enabled=&#8221;on&#8221; transform_origin__hover_enabled=&#8221;on&#8221; custom_css_blurb_image_last_edited=&#8221;on|phone&#8221; custom_css_blurb_image_phone=&#8221;display: none;&#8221;]<\/p>\n<p><span><\/span><span>Kooperation mit \u00fcber 100 Banken und Kreditinstituten<\/span><\/p>\n<p>Ma\u00dfgeschneiderte und individuelle Kreditl\u00f6sungen<br \/>Perfekte Aufbereitung der Finanzierungsunterlagen<br \/>Kooperation mit \u00fcber 100 Banken und Kreditinstituten<br \/>Langfristige Betreuung<\/p>\n<p>[\/et_pb_blurb][et_pb_blurb title=&#8221;Exklusive Unternehmensberatung&#8221; image=&#8221;https:\/\/finanz-optimierung.at\/wp-content\/uploads\/2022\/04\/bulletpoint-diamond.png&#8221; icon_placement=&#8221;left&#8221; image_icon_width=&#8221;90px&#8221; _builder_version=&#8221;4.27.4&#8243; _module_preset=&#8221;default&#8221; header_level=&#8221;h3&#8243; header_font=&#8221;aventa|600||on|||||&#8221; header_text_color=&#8221;#D7B46A&#8221; header_font_size=&#8221;14px&#8221; header_line_height=&#8221;1.7em&#8221; body_font=&#8221;Muli||||||||&#8221; body_text_color=&#8221;#F2F2F2&#8243; body_font_size=&#8221;15px&#8221; transform_translate_linked__hover=&#8221;off&#8221; custom_padding=&#8221;16px|5%||&#8221; animation=&#8221;off&#8221; border_width_top_image=&#8221;8px&#8221; border_color_top_image=&#8221;rgba(0,0,0,0)&#8221; border_width_right_image=&#8221;10px&#8221; border_color_right_image=&#8221;rgba(0,0,0,0)&#8221; image_max_width=&#8221;83px&#8221; global_colors_info=&#8221;{}&#8221; transform_styles__hover_enabled=&#8221;on|hover&#8221; transform_scale__hover_enabled=&#8221;on|hover&#8221; transform_translate__hover_enabled=&#8221;on&#8221; transform_rotate__hover_enabled=&#8221;on&#8221; transform_skew__hover_enabled=&#8221;on&#8221; transform_origin__hover_enabled=&#8221;on&#8221; custom_css_blurb_image_last_edited=&#8221;on|phone&#8221; custom_css_blurb_image_phone=&#8221;display: none;&#8221;]<\/p>\n<p>Mit \u00fcber 25 Jahren Erfahrung im Bereich der Unternehmensf\u00fchrung ein Garant f\u00fcr mehr<br \/>Umsatz und Gewinn.<\/p>\n<p><span>\u00a0<\/span><\/p>\n<p>[\/et_pb_blurb][et_pb_blurb title=&#8221; Versicherungs-makler&#8221; image=&#8221;https:\/\/finanz-optimierung.at\/wp-content\/uploads\/2022\/04\/bulletpoint-diamond.png&#8221; icon_placement=&#8221;left&#8221; image_icon_width=&#8221;90px&#8221; _builder_version=&#8221;4.27.4&#8243; _module_preset=&#8221;default&#8221; header_level=&#8221;h3&#8243; header_font=&#8221;aventa|600||on|||||&#8221; header_text_color=&#8221;#D7B46A&#8221; header_font_size=&#8221;14px&#8221; header_line_height=&#8221;1.7em&#8221; body_font=&#8221;Muli||||||||&#8221; body_text_color=&#8221;#F2F2F2&#8243; body_font_size=&#8221;15px&#8221; transform_translate_linked__hover=&#8221;off&#8221; custom_padding=&#8221;16px|5%||&#8221; animation=&#8221;off&#8221; border_width_top_image=&#8221;8px&#8221; border_color_top_image=&#8221;rgba(0,0,0,0)&#8221; border_width_right_image=&#8221;10px&#8221; border_color_right_image=&#8221;rgba(0,0,0,0)&#8221; image_max_width=&#8221;83px&#8221; global_colors_info=&#8221;{}&#8221; transform_styles__hover_enabled=&#8221;on|hover&#8221; transform_scale__hover_enabled=&#8221;on|hover&#8221; transform_translate__hover_enabled=&#8221;on&#8221; transform_rotate__hover_enabled=&#8221;on&#8221; transform_skew__hover_enabled=&#8221;on&#8221; transform_origin__hover_enabled=&#8221;on&#8221; custom_css_blurb_image_last_edited=&#8221;on|phone&#8221; custom_css_blurb_image_phone=&#8221;display: none;&#8221;]<\/p>\n<p>Perfekte Versicherungsl\u00f6sungen mit exklusiven Produkten \u00fcber alle Sparten: Versichern, Absichern und Vorsorgen.<\/p>\n<p>Garanta KFZ Zulassungsstelle f\u00fcr alle Bezirke in O\u00d6.<br \/>Ge\u00f6ffnet: Mo-Fr jeweils von 08:00-18:00 Uhr<\/p>\n<p><span>\u00a0<\/span><\/p>\n<p>[\/et_pb_blurb][\/et_pb_column][\/et_pb_row][\/et_pb_section][et_pb_section fb_built=&#8221;1&#8243; _builder_version=&#8221;4.16&#8243; _module_preset=&#8221;default&#8221; background_color=&#8221;#202021&#8243; background_image=&#8221;https:\/\/finanz-optimierung.at\/wp-content\/uploads\/2023\/07\/Oberndorfer-FB-2023-\u00a9Michael-Maritsch_0412-1.jpg&#8221; parallax=&#8221;on&#8221; parallax_method=&#8221;off&#8221; min_height=&#8221;50vh&#8221; custom_padding=&#8221;103px||103px||true|&#8221; global_colors_info=&#8221;{}&#8221;][\/et_pb_section]<\/p>\n","protected":false},"excerpt":{"rendered":"<p>\u00dcber unsWir sind der Brilliantunter den Diamanten in der Finanzberatung.Seit 1996 ist es unsere Passion, f\u00fcr unsere Firmen- und Privatkunden unabh\u00e4ngige und ma\u00dfgeschneiderte Finanzl\u00f6sungen zu erarbeiten und umzusetzen. Unsere Gewerbeberechtigungen umfassen die T\u00e4tigkeitsbereiche Verm\u00f6gensberatung, Finanzierungsberatung, Versicherungsmakler und Unternehmensberatung. Wir kooperieren mit den rund 100 besten Gesellschaften am Finanzsektor. Durch unsere exklusive und ma\u00dfgeschneiderte Beratung erm\u00f6glichen [&hellip;]<\/p>\n","protected":false},"author":1,"featured_media":0,"parent":0,"menu_order":0,"comment_status":"closed","ping_status":"closed","template":"","meta":{"_et_pb_use_builder":"on","_et_pb_old_content":"","_et_gb_content_width":"","footnotes":""},"class_list":["post-37","page","type-page","status-publish","hentry"],"_links":{"self":[{"href":"https:\/\/finanz-optimierung.at\/index.php?rest_route=\/wp\/v2\/pages\/37","targetHints":{"allow":["GET"]}}],"collection":[{"href":"https:\/\/finanz-optimierung.at\/index.php?rest_route=\/wp\/v2\/pages"}],"about":[{"href":"https:\/\/finanz-optimierung.at\/index.php?rest_route=\/wp\/v2\/types\/page"}],"author":[{"embeddable":true,"href":"https:\/\/finanz-optimierung.at\/index.php?rest_route=\/wp\/v2\/users\/1"}],"replies":[{"embeddable":true,"href":"https:\/\/finanz-optimierung.at\/index.php?rest_route=%2Fwp%2Fv2%2Fcomments&post=37"}],"version-history":[{"count":167,"href":"https:\/\/finanz-optimierung.at\/index.php?rest_route=\/wp\/v2\/pages\/37\/revisions"}],"predecessor-version":[{"id":668,"href":"https:\/\/finanz-optimierung.at\/index.php?rest_route=\/wp\/v2\/pages\/37\/revisions\/668"}],"wp:attachment":[{"href":"https:\/\/finanz-optimierung.at\/index.php?rest_route=%2Fwp%2Fv2%2Fmedia&parent=37"}],"curies":[{"name":"wp","href":"https:\/\/api.w.org\/{rel}","templated":true}]}}